{"id":339139,"date":"2021-10-27T14:42:59","date_gmt":"2021-10-27T14:42:59","guid":{"rendered":"https:\/\/www.ingromaquinaria.com\/?page_id=339139"},"modified":"2021-10-27T14:43:00","modified_gmt":"2021-10-27T14:43:00","slug":"production-control-online-weighing","status":"publish","type":"page","link":"https:\/\/www.ingromaquinaria.com\/en\/production-control-online-weighing\/","title":{"rendered":"Production control and online weighing"},"content":{"rendered":"<p>[et_pb_section fb_built=&#8221;1&#8243; admin_label=&#8221;Hero section&#8221; module_class=&#8221;ingro__cabecera-pagina&#8221; _builder_version=&#8221;4.9.9&#8243; background_color=&#8221;rgba(19,98,139,0.66)&#8221; background_image=&#8221;https:\/\/www.ingromaquinaria.com\/wp-content\/uploads\/2021\/10\/cabecera-control-produccion-min.jpg&#8221; background_position=&#8221;top_center&#8221; background_blend=&#8221;soft-light&#8221; min_height=&#8221;300px&#8221; custom_margin=&#8221;|||&#8221; custom_padding=&#8221;1.8%||3%|||&#8221;][et_pb_row column_structure=&#8221;2_3,1_3&#8243; _builder_version=&#8221;4.9.9&#8243; background_enable_image=&#8221;off&#8221; custom_margin=&#8221;|||&#8221; custom_padding=&#8221;165px|||||&#8221;][et_pb_column type=&#8221;2_3&#8243; _builder_version=&#8221;3.25&#8243; custom_padding=&#8221;1px|||&#8221; custom_padding__hover=&#8221;|||&#8221;][et_pb_text _builder_version=&#8221;4.9.9&#8243; text_font=&#8221;Lato||||||||&#8221; text_font_size=&#8221;20px&#8221; text_line_height=&#8221;1.8em&#8221; header_font=&#8221;Lato|900|||||||&#8221; header_font_size=&#8221;61px&#8221; header_letter_spacing=&#8221;2px&#8221; header_line_height=&#8221;1.2em&#8221; background_layout=&#8221;dark&#8221; animation_style=&#8221;fold&#8221; hover_enabled=&#8221;0&#8243; header_font_size_tablet=&#8221;46px&#8221; header_font_size_phone=&#8221;30px&#8221; header_font_size_last_edited=&#8221;on|phone&#8221; sticky_enabled=&#8221;0&#8243;]<\/p>\n<h1>Production control and online weighing<\/h1>\n<p>[\/et_pb_text][\/et_pb_column][et_pb_column type=&#8221;1_3&#8243; _builder_version=&#8221;3.25&#8243; custom_padding=&#8221;|||&#8221; custom_padding__hover=&#8221;|||&#8221;][\/et_pb_column][\/et_pb_row][\/et_pb_section][et_pb_section fb_built=&#8221;1&#8243; _builder_version=&#8221;3.22&#8243; background_color=&#8221;rgba(0,0,0,0.03)&#8221; background_position=&#8221;top_center&#8221; custom_margin=&#8221;|||&#8221; custom_padding=&#8221;100px||100px|&#8221;][et_pb_row _builder_version=&#8221;4.9.7&#8243; custom_margin=&#8221;|||&#8221; locked=&#8221;off&#8221;][et_pb_column type=&#8221;4_4&#8243; _builder_version=&#8221;4.9.7&#8243; custom_padding=&#8221;|||&#8221; custom_padding__hover=&#8221;|||&#8221;][et_pb_text _builder_version=&#8221;4.9.9&#8243; text_font=&#8221;Lato||||||||&#8221; text_text_color=&#8221;#898f99&#8243; text_font_size=&#8221;18px&#8221; text_line_height=&#8221;2em&#8221; header_font=&#8221;||||||||&#8221; header_2_font=&#8221;Lato|700|||||||&#8221; header_2_text_color=&#8221;#0c71c3&#8243; header_2_font_size=&#8221;28px&#8221; header_2_line_height=&#8221;1.5em&#8221; text_orientation=&#8221;center&#8221; max_width=&#8221;100%&#8221; module_alignment=&#8221;center&#8221; custom_margin=&#8221;|||0px|false|false&#8221; hover_enabled=&#8221;0&#8243; header_2_font_size_tablet=&#8221;&#8221; header_2_font_size_phone=&#8221;22px&#8221; header_2_font_size_last_edited=&#8221;on|phone&#8221; locked=&#8221;off&#8221; sticky_enabled=&#8221;0&#8243;]<\/p>\n<h2 style=\"text-align: left;\">Production control system in clothing with smart scales.<\/h2>\n<p>[\/et_pb_text][et_pb_blurb title=&#8221;Knowledge of productivity units \/ hour.&#8221; use_icon=&#8221;on&#8221; font_icon=&#8221;%%59%%&#8221; icon_color=&#8221;#0c71c3&#8243; icon_placement=&#8221;left&#8221; content_max_width=&#8221;100%&#8221; module_class=&#8221;ingro-producto__caracteristicas&#8221; _builder_version=&#8221;4.9.9&#8243; _module_preset=&#8221;default&#8221; header_line_height=&#8221;1.8em&#8221; hover_enabled=&#8221;0&#8243; locked=&#8221;off&#8221; sticky_enabled=&#8221;0&#8243;][\/et_pb_blurb][et_pb_blurb title=&#8221;Efficiency and precision in each confection.&#8221; use_icon=&#8221;on&#8221; font_icon=&#8221;%%59%%&#8221; icon_color=&#8221;#0c71c3&#8243; icon_placement=&#8221;left&#8221; content_max_width=&#8221;100%&#8221; _builder_version=&#8221;4.9.9&#8243; _module_preset=&#8221;default&#8221; header_line_height=&#8221;1.8em&#8221; hover_enabled=&#8221;0&#8243; locked=&#8221;off&#8221; sticky_enabled=&#8221;0&#8243;][\/et_pb_blurb][et_pb_blurb title=&#8221;Exploitation of information with personalized reports and Big-data.&#8221; use_icon=&#8221;on&#8221; font_icon=&#8221;%%59%%&#8221; icon_color=&#8221;#0c71c3&#8243; icon_placement=&#8221;left&#8221; content_max_width=&#8221;100%&#8221; _builder_version=&#8221;4.9.9&#8243; _module_preset=&#8221;default&#8221; header_line_height=&#8221;1.8em&#8221; hover_enabled=&#8221;0&#8243; locked=&#8221;off&#8221; sticky_enabled=&#8221;0&#8243;][\/et_pb_blurb][et_pb_blurb title=&#8221;Control of presence in the workplace.&#8221; use_icon=&#8221;on&#8221; font_icon=&#8221;%%59%%&#8221; icon_color=&#8221;#0c71c3&#8243; icon_placement=&#8221;left&#8221; content_max_width=&#8221;100%&#8221; _builder_version=&#8221;4.9.9&#8243; _module_preset=&#8221;default&#8221; header_line_height=&#8221;1.8em&#8221; hover_enabled=&#8221;0&#8243; locked=&#8221;off&#8221; sticky_enabled=&#8221;0&#8243;][\/et_pb_blurb][et_pb_blurb title=&#8221;Detailed, customizable and exportable information.&#8221; use_icon=&#8221;on&#8221; font_icon=&#8221;%%59%%&#8221; icon_color=&#8221;#0c71c3&#8243; icon_placement=&#8221;left&#8221; content_max_width=&#8221;100%&#8221; _builder_version=&#8221;4.9.9&#8243; _module_preset=&#8221;default&#8221; header_line_height=&#8221;1.8em&#8221; hover_enabled=&#8221;0&#8243; locked=&#8221;off&#8221; sticky_enabled=&#8221;0&#8243;][\/et_pb_blurb][et_pb_image src=&#8221;https:\/\/www.ingromaquinaria.com\/wp-content\/uploads\/2021\/07\/familia-control-de-produccion-pesaje-01-2-scaled.jpg&#8221; title_text=&#8221;familia-control-de-produccion-pesaje-01&#8243; _builder_version=&#8221;4.9.9&#8243; _module_preset=&#8221;default&#8221;][\/et_pb_image][et_pb_image src=&#8221;https:\/\/www.ingromaquinaria.com\/wp-content\/uploads\/2021\/07\/3.png&#8221; title_text=&#8221;3&#8243; _builder_version=&#8221;4.9.7&#8243; _module_preset=&#8221;default&#8221;][\/et_pb_image][et_pb_image _builder_version=&#8221;4.9.7&#8243; _module_preset=&#8221;default&#8221;][\/et_pb_image][\/et_pb_column][\/et_pb_row][\/et_pb_section][et_pb_section fb_built=&#8221;1&#8243; _builder_version=&#8221;4.9.7&#8243; _module_preset=&#8221;default&#8221;][et_pb_row _builder_version=&#8221;4.9.7&#8243; _module_preset=&#8221;default&#8221;][et_pb_column type=&#8221;4_4&#8243; _builder_version=&#8221;4.9.7&#8243; _module_preset=&#8221;default&#8221;][et_pb_image src=&#8221;https:\/\/www.ingromaquinaria.com\/wp-content\/uploads\/2021\/07\/2-scaled.jpg&#8221; _builder_version=&#8221;4.9.7&#8243; _module_preset=&#8221;default&#8221;][\/et_pb_image][\/et_pb_column][\/et_pb_row][\/et_pb_section]<\/p>\n","protected":false},"excerpt":{"rendered":"<p>Production control and online weighingProduction control system in clothing with smart scales.<\/p>\n","protected":false},"author":1,"featured_media":0,"parent":0,"menu_order":0,"comment_status":"closed","ping_status":"closed","template":"","meta":{"_et_pb_use_builder":"on","_et_pb_old_content":"<p>[et_pb_section fb_built=\"1\" admin_label=\"Hero section\" module_class=\"ingro__cabecera-pagina\" _builder_version=\"4.9.9\" background_color=\"rgba(19,98,139,0.66)\" background_image=\"https:\/\/www.ingromaquinaria.com\/wp-content\/uploads\/2021\/10\/cabecera-control-produccion-min.jpg\" background_position=\"top_center\" background_blend=\"soft-light\" min_height=\"300px\" custom_margin=\"|||\" custom_padding=\"1.8%||3%|||\" hover_enabled=\"0\" sticky_enabled=\"0\"][et_pb_row column_structure=\"2_3,1_3\" _builder_version=\"4.9.9\" background_enable_image=\"off\" custom_margin=\"|||\" custom_padding=\"165px|||||\"][et_pb_column type=\"2_3\" _builder_version=\"3.25\" custom_padding=\"1px|||\" custom_padding__hover=\"|||\"][et_pb_text _builder_version=\"4.9.7\" text_font=\"Lato||||||||\" text_font_size=\"20px\" text_line_height=\"1.8em\" header_font=\"Lato|900|||||||\" header_font_size=\"61px\" header_letter_spacing=\"2px\" header_line_height=\"1.2em\" background_layout=\"dark\" animation_style=\"fold\" header_font_size_tablet=\"46px\" header_font_size_phone=\"30px\" header_font_size_last_edited=\"on|phone\"]<\/p><h1>Control de producci\u00f3n<\/h1><p>[\/et_pb_text][\/et_pb_column][et_pb_column type=\"1_3\" _builder_version=\"3.25\" custom_padding=\"|||\" custom_padding__hover=\"|||\"][\/et_pb_column][\/et_pb_row][\/et_pb_section][et_pb_section fb_built=\"1\" _builder_version=\"3.22\" background_color=\"rgba(0,0,0,0.03)\" background_position=\"top_center\" custom_margin=\"|||\" custom_padding=\"100px||100px|\"][et_pb_row _builder_version=\"4.9.7\" custom_margin=\"|||\" locked=\"off\"][et_pb_column type=\"4_4\" _builder_version=\"4.9.7\" custom_padding=\"|||\" custom_padding__hover=\"|||\"][et_pb_text _builder_version=\"4.9.7\" text_font=\"Lato||||||||\" text_text_color=\"#898f99\" text_font_size=\"18px\" text_line_height=\"2em\" header_font=\"||||||||\" header_2_font=\"Lato|700|||||||\" header_2_text_color=\"#0c71c3\" header_2_font_size=\"28px\" header_2_line_height=\"1.5em\" text_orientation=\"center\" max_width=\"100%\" module_alignment=\"center\" custom_margin=\"|||0px|false|false\" header_2_font_size_tablet=\"\" header_2_font_size_phone=\"22px\" header_2_font_size_last_edited=\"on|phone\" locked=\"off\"]<\/p><h2 style=\"text-align: left;\">Sistema de control de producci\u00f3n en confecci\u00f3n con b\u00e1sculas inteligentes.<\/h2><p>[\/et_pb_text][et_pb_blurb title=\"Conocimiento de productividad unidades\/hora.\" use_icon=\"on\" font_icon=\"%%59%%\" icon_color=\"#0c71c3\" icon_placement=\"left\" content_max_width=\"100%\" module_class=\"ingro-producto__caracteristicas\" _builder_version=\"4.9.7\" _module_preset=\"default\" header_line_height=\"1.8em\" locked=\"off\"][\/et_pb_blurb][et_pb_blurb title=\"Eficiencia y precisi\u00f3n en cada confecci\u00f3n.\" use_icon=\"on\" font_icon=\"%%59%%\" icon_color=\"#0c71c3\" icon_placement=\"left\" content_max_width=\"100%\" _builder_version=\"4.9.7\" _module_preset=\"default\" header_line_height=\"1.8em\" locked=\"off\"][\/et_pb_blurb][et_pb_blurb title=\"Explotaci\u00f3n de informaci\u00f3n con informes personalizados y Big-data.\" use_icon=\"on\" font_icon=\"%%59%%\" icon_color=\"#0c71c3\" icon_placement=\"left\" content_max_width=\"100%\" _builder_version=\"4.9.7\" _module_preset=\"default\" header_line_height=\"1.8em\" locked=\"off\"][\/et_pb_blurb][et_pb_blurb title=\"Control de presencia en puesto de trabajo.\" use_icon=\"on\" font_icon=\"%%59%%\" icon_color=\"#0c71c3\" icon_placement=\"left\" content_max_width=\"100%\" _builder_version=\"4.9.7\" _module_preset=\"default\" header_line_height=\"1.8em\" locked=\"off\"][\/et_pb_blurb][et_pb_blurb title=\"Informaci\u00f3n detallada, personalizable y exportable.\" use_icon=\"on\" font_icon=\"%%59%%\" icon_color=\"#0c71c3\" icon_placement=\"left\" content_max_width=\"100%\" _builder_version=\"4.9.7\" _module_preset=\"default\" header_line_height=\"1.8em\" locked=\"off\"][\/et_pb_blurb][et_pb_image src=\"https:\/\/www.ingromaquinaria.com\/wp-content\/uploads\/2021\/07\/familia-control-de-produccion-pesaje-01-2-scaled.jpg\" title_text=\"familia-control-de-produccion-pesaje-01\" _builder_version=\"4.9.7\" _module_preset=\"default\"][\/et_pb_image][et_pb_image src=\"https:\/\/www.ingromaquinaria.com\/wp-content\/uploads\/2021\/07\/3.png\" title_text=\"3\" _builder_version=\"4.9.7\" _module_preset=\"default\"][\/et_pb_image][et_pb_image _builder_version=\"4.9.7\" _module_preset=\"default\"][\/et_pb_image][\/et_pb_column][\/et_pb_row][\/et_pb_section][et_pb_section fb_built=\"1\" _builder_version=\"4.9.7\" _module_preset=\"default\"][et_pb_row _builder_version=\"4.9.7\" _module_preset=\"default\"][et_pb_column type=\"4_4\" _builder_version=\"4.9.7\" _module_preset=\"default\"][et_pb_image src=\"https:\/\/www.ingromaquinaria.com\/wp-content\/uploads\/2021\/07\/2-scaled.jpg\" _builder_version=\"4.9.7\" _module_preset=\"default\"][\/et_pb_image][\/et_pb_column][\/et_pb_row][\/et_pb_section]<\/p>","_et_gb_content_width":"","footnotes":""},"class_list":["post-339139","page","type-page","status-publish","hentry"],"_links":{"self":[{"href":"https:\/\/www.ingromaquinaria.com\/en\/wp-json\/wp\/v2\/pages\/339139","targetHints":{"allow":["GET"]}}],"collection":[{"href":"https:\/\/www.ingromaquinaria.com\/en\/wp-json\/wp\/v2\/pages"}],"about":[{"href":"https:\/\/www.ingromaquinaria.com\/en\/wp-json\/wp\/v2\/types\/page"}],"author":[{"embeddable":true,"href":"https:\/\/www.ingromaquinaria.com\/en\/wp-json\/wp\/v2\/users\/1"}],"replies":[{"embeddable":true,"href":"https:\/\/www.ingromaquinaria.com\/en\/wp-json\/wp\/v2\/comments?post=339139"}],"version-history":[{"count":6,"href":"https:\/\/www.ingromaquinaria.com\/en\/wp-json\/wp\/v2\/pages\/339139\/revisions"}],"predecessor-version":[{"id":339146,"href":"https:\/\/www.ingromaquinaria.com\/en\/wp-json\/wp\/v2\/pages\/339139\/revisions\/339146"}],"wp:attachment":[{"href":"https:\/\/www.ingromaquinaria.com\/en\/wp-json\/wp\/v2\/media?parent=339139"}],"curies":[{"name":"wp","href":"https:\/\/api.w.org\/{rel}","templated":true}]}}