{"id":339123,"date":"2021-10-27T14:20:55","date_gmt":"2021-10-27T14:20:55","guid":{"rendered":"https:\/\/www.ingromaquinaria.com\/?page_id=339123"},"modified":"2021-10-27T14:33:41","modified_gmt":"2021-10-27T14:33:41","slug":"washing-disinfection-drying-systems-fruits-vegetables","status":"publish","type":"page","link":"https:\/\/www.ingromaquinaria.com\/en\/washing-disinfection-drying-systems-fruits-vegetables\/","title":{"rendered":"Washing, disinfection and drying systems for Fruits and Vegetables"},"content":{"rendered":"<p>[et_pb_section fb_built=&#8221;1&#8243; admin_label=&#8221;Hero section&#8221; module_class=&#8221;ingro__cabecera-pagina&#8221; _builder_version=&#8221;4.9.9&#8243; background_color=&#8221;rgba(19,98,139,0.66)&#8221; background_image=&#8221;https:\/\/www.ingromaquinaria.com\/wp-content\/uploads\/2021\/08\/cabecera-lavadora-pimiento.jpg&#8221; background_position=&#8221;top_center&#8221; background_blend=&#8221;soft-light&#8221; min_height=&#8221;300px&#8221; custom_margin=&#8221;|||&#8221; custom_padding=&#8221;1.8%||3%|||&#8221;][et_pb_row column_structure=&#8221;2_3,1_3&#8243; _builder_version=&#8221;4.9.9&#8243; background_enable_image=&#8221;off&#8221; custom_margin=&#8221;|||&#8221; custom_padding=&#8221;165px|||||&#8221;][et_pb_column type=&#8221;2_3&#8243; _builder_version=&#8221;3.25&#8243; custom_padding=&#8221;1px|||&#8221; custom_padding__hover=&#8221;|||&#8221;][et_pb_text _builder_version=&#8221;4.9.9&#8243; text_font=&#8221;Lato||||||||&#8221; text_font_size=&#8221;20px&#8221; text_line_height=&#8221;1.8em&#8221; header_font=&#8221;Lato|900|||||||&#8221; header_font_size=&#8221;61px&#8221; header_letter_spacing=&#8221;2px&#8221; header_line_height=&#8221;1.2em&#8221; background_layout=&#8221;dark&#8221; animation_style=&#8221;fold&#8221; header_font_size_tablet=&#8221;46px&#8221; header_font_size_phone=&#8221;30px&#8221; header_font_size_last_edited=&#8221;on|phone&#8221;]<\/p>\n<h1>Washing, disinfection and drying systems for Fruits and Vegetables<\/h1>\n<p>[\/et_pb_text][\/et_pb_column][et_pb_column type=&#8221;1_3&#8243; _builder_version=&#8221;3.25&#8243; custom_padding=&#8221;|||&#8221; custom_padding__hover=&#8221;|||&#8221;][\/et_pb_column][\/et_pb_row][\/et_pb_section][et_pb_section fb_built=&#8221;1&#8243; _builder_version=&#8221;4.9.9&#8243; background_color=&#8221;rgba(0,0,0,0.03)&#8221; background_position=&#8221;top_center&#8221; custom_margin=&#8221;|||&#8221; custom_padding=&#8221;100px||100px|&#8221;][et_pb_row _builder_version=&#8221;4.9.9&#8243; custom_margin=&#8221;|||&#8221; locked=&#8221;off&#8221;][et_pb_column type=&#8221;4_4&#8243; _builder_version=&#8221;4.9.7&#8243; custom_padding=&#8221;|||&#8221; custom_padding__hover=&#8221;|||&#8221;][et_pb_text _builder_version=&#8221;4.9.9&#8243; _module_preset=&#8221;default&#8221;]<\/p>\n<p>Specific washing, disinfection and drying modules for each type of fruit and vegetables, with different formats for the required productions.<\/p>\n<p>[\/et_pb_text][et_pb_blurb title=&#8221;Made of Aisi-304 stainless steel&#8221; use_icon=&#8221;on&#8221; font_icon=&#8221;%%59%%&#8221; icon_color=&#8221;#0c71c3&#8243; icon_placement=&#8221;left&#8221; content_max_width=&#8221;100%&#8221; module_class=&#8221;ingro-producto__caracteristicas&#8221; _builder_version=&#8221;4.9.9&#8243; _module_preset=&#8221;default&#8221; header_line_height=&#8221;1.8em&#8221; locked=&#8221;off&#8221;][\/et_pb_blurb][et_pb_blurb title=&#8221;Transport on brush, rod or modular belt.&#8221; use_icon=&#8221;on&#8221; font_icon=&#8221;%%59%%&#8221; icon_color=&#8221;#0c71c3&#8243; icon_placement=&#8221;left&#8221; content_max_width=&#8221;100%&#8221; admin_label=&#8221;Blurb&#8221; module_class=&#8221;ingro-producto__caracteristicas&#8221; _builder_version=&#8221;4.9.9&#8243; _module_preset=&#8221;default&#8221; header_line_height=&#8221;1.8em&#8221; locked=&#8221;off&#8221;][\/et_pb_blurb][et_pb_blurb title=&#8221;Automatic stack changes.&#8221; use_icon=&#8221;on&#8221; font_icon=&#8221;%%59%%&#8221; icon_color=&#8221;#0c71c3&#8243; icon_placement=&#8221;left&#8221; content_max_width=&#8221;100%&#8221; admin_label=&#8221;Blurb&#8221; module_class=&#8221;ingro-producto__caracteristicas&#8221; _builder_version=&#8221;4.9.9&#8243; _module_preset=&#8221;default&#8221; header_line_height=&#8221;1.8em&#8221; locked=&#8221;off&#8221;][\/et_pb_blurb][et_pb_blurb title=&#8221;External tanks for water recirculation.&#8221; use_icon=&#8221;on&#8221; font_icon=&#8221;%%59%%&#8221; icon_color=&#8221;#0c71c3&#8243; icon_placement=&#8221;left&#8221; content_max_width=&#8221;100%&#8221; module_class=&#8221;ingro-producto__caracteristicas&#8221; _builder_version=&#8221;4.9.9&#8243; _module_preset=&#8221;default&#8221; header_line_height=&#8221;1.8em&#8221; locked=&#8221;off&#8221;][\/et_pb_blurb][et_pb_blurb title=&#8221;Automatic filtering system.&#8221; use_icon=&#8221;on&#8221; font_icon=&#8221;%%59%%&#8221; icon_color=&#8221;#0c71c3&#8243; icon_placement=&#8221;left&#8221; content_max_width=&#8221;100%&#8221; module_class=&#8221;ingro-producto__caracteristicas&#8221; _builder_version=&#8221;4.9.9&#8243; _module_preset=&#8221;default&#8221; header_line_height=&#8221;1.8em&#8221; locked=&#8221;off&#8221;][\/et_pb_blurb][et_pb_blurb title=&#8221;Drying system with high pressure knives \/ electric resistances.&#8221; use_icon=&#8221;on&#8221; font_icon=&#8221;%%59%%&#8221; icon_color=&#8221;#0c71c3&#8243; icon_placement=&#8221;left&#8221; content_max_width=&#8221;100%&#8221; module_class=&#8221;ingro-producto__caracteristicas&#8221; _builder_version=&#8221;4.9.9&#8243; _module_preset=&#8221;default&#8221; header_line_height=&#8221;1.8em&#8221; locked=&#8221;off&#8221;][\/et_pb_blurb][et_pb_blurb title=&#8221;Control panel with touch screen.&#8221; use_icon=&#8221;on&#8221; font_icon=&#8221;%%59%%&#8221; icon_color=&#8221;#0c71c3&#8243; icon_placement=&#8221;left&#8221; content_max_width=&#8221;100%&#8221; module_class=&#8221;ingro-producto__caracteristicas&#8221; _builder_version=&#8221;4.9.9&#8243; _module_preset=&#8221;default&#8221; header_line_height=&#8221;1.8em&#8221; locked=&#8221;off&#8221;][\/et_pb_blurb][\/et_pb_column][\/et_pb_row][\/et_pb_section][et_pb_section fb_built=&#8221;1&#8243; _builder_version=&#8221;4.9.7&#8243; _module_preset=&#8221;default&#8221;][et_pb_row _builder_version=&#8221;4.9.9&#8243; _module_preset=&#8221;default&#8221;][et_pb_column type=&#8221;4_4&#8243; _builder_version=&#8221;4.9.7&#8243; _module_preset=&#8221;default&#8221;][et_pb_image src=&#8221;https:\/\/www.ingromaquinaria.com\/wp-content\/uploads\/2021\/07\/LAVADORA-PIMIENTO-1.jpg&#8221; title_text=&#8221;LAVADORA PIMIENTO (1)&#8221; _builder_version=&#8221;4.9.9&#8243; _module_preset=&#8221;default&#8221;][\/et_pb_image][et_pb_image src=&#8221;https:\/\/www.ingromaquinaria.com\/wp-content\/uploads\/2021\/07\/LAVADORA-SECADORA-PIMIENTO-TOMATE-2.jpg&#8221; title_text=&#8221;LAVADORA SECADORA PIMIENTO-TOMATE-2&#8243; _builder_version=&#8221;4.9.9&#8243; _module_preset=&#8221;default&#8221;][\/et_pb_image][\/et_pb_column][\/et_pb_row][\/et_pb_section]<\/p>\n","protected":false},"excerpt":{"rendered":"<p>Washing, disinfection and drying systems for Fruits and VegetablesSpecific washing, disinfection and drying modules for each type of fruit and vegetables, with different formats for the required productions.<\/p>\n","protected":false},"author":1,"featured_media":0,"parent":0,"menu_order":0,"comment_status":"closed","ping_status":"closed","template":"","meta":{"_et_pb_use_builder":"on","_et_pb_old_content":"<p>[et_pb_section fb_built=\"1\" admin_label=\"Hero section\" module_class=\"ingro__cabecera-pagina\" _builder_version=\"4.9.9\" background_color=\"rgba(19,98,139,0.66)\" background_image=\"https:\/\/www.ingromaquinaria.com\/wp-content\/uploads\/2021\/08\/cabecera-lavadora-pimiento.jpg\" background_position=\"top_center\" background_blend=\"soft-light\" min_height=\"300px\" custom_margin=\"|||\" custom_padding=\"1.8%||3%|||\" hover_enabled=\"0\" title_text=\"Lavadoras de Hortalizas y Frutos\" sticky_enabled=\"0\"][et_pb_row column_structure=\"2_3,1_3\" _builder_version=\"4.9.7\" background_enable_image=\"off\" custom_margin=\"|||\" custom_padding=\"165px|||||\"][et_pb_column type=\"2_3\" _builder_version=\"3.25\" custom_padding=\"1px|||\" custom_padding__hover=\"|||\"][et_pb_text _builder_version=\"4.9.9\" text_font=\"Lato||||||||\" text_font_size=\"20px\" text_line_height=\"1.8em\" header_font=\"Lato|900|||||||\" header_font_size=\"61px\" header_letter_spacing=\"2px\" header_line_height=\"1.2em\" background_layout=\"dark\" animation_style=\"fold\" header_font_size_tablet=\"46px\" header_font_size_phone=\"30px\" header_font_size_last_edited=\"on|phone\"]<\/p><h1>Sistemas de lavado, desinfecci\u00f3n y secado para Frutas y Hortalizas<\/h1><p>[\/et_pb_text][\/et_pb_column][et_pb_column type=\"1_3\" _builder_version=\"3.25\" custom_padding=\"|||\" custom_padding__hover=\"|||\"][\/et_pb_column][\/et_pb_row][\/et_pb_section][et_pb_section fb_built=\"1\" _builder_version=\"3.22\" background_color=\"rgba(0,0,0,0.03)\" background_position=\"top_center\" custom_margin=\"|||\" custom_padding=\"100px||100px|\"][et_pb_row _builder_version=\"4.9.7\" custom_margin=\"|||\" locked=\"off\"][et_pb_column type=\"4_4\" _builder_version=\"4.9.7\" custom_padding=\"|||\" custom_padding__hover=\"|||\"][et_pb_text _builder_version=\"4.9.7\" _module_preset=\"default\"]M\u00f3dulos de lavado, desinfecci\u00f3n y secado espec\u00edficos para cada tipo de fruta y verdura, con distintos formatos para las producciones requeridas.<br \/>[\/et_pb_text][et_pb_blurb title=\"Fabricadas en acero inoxidable Aisi-304\" use_icon=\"on\" font_icon=\"%%59%%\" icon_color=\"#0c71c3\" icon_placement=\"left\" content_max_width=\"100%\" module_class=\"ingro-producto__caracteristicas\" _builder_version=\"4.9.7\" _module_preset=\"default\" header_line_height=\"1.8em\" locked=\"off\"][\/et_pb_blurb][et_pb_blurb title=\"Transporte sobre cepillo, varilla o banda modular.\" use_icon=\"on\" font_icon=\"%%59%%\" icon_color=\"#0c71c3\" icon_placement=\"left\" content_max_width=\"100%\" module_class=\"ingro-producto__caracteristicas\" _builder_version=\"4.9.7\" _module_preset=\"default\" header_line_height=\"1.8em\" locked=\"off\"][\/et_pb_blurb][et_pb_blurb title=\"Cambios de partidas autom\u00e1ticos.\" use_icon=\"on\" font_icon=\"%%59%%\" icon_color=\"#0c71c3\" icon_placement=\"left\" content_max_width=\"100%\" module_class=\"ingro-producto__caracteristicas\" _builder_version=\"4.9.7\" _module_preset=\"default\" header_line_height=\"1.8em\" locked=\"off\"][\/et_pb_blurb][et_pb_blurb title=\"Dep\u00f3sitos externos para recirculado de agua\" use_icon=\"on\" font_icon=\"%%59%%\" icon_color=\"#0c71c3\" icon_placement=\"left\" content_max_width=\"100%\" module_class=\"ingro-producto__caracteristicas\" _builder_version=\"4.9.7\" _module_preset=\"default\" header_line_height=\"1.8em\" locked=\"off\"][\/et_pb_blurb][et_pb_blurb title=\"Sistema de filtrado autom\u00e1tico.\" use_icon=\"on\" font_icon=\"%%59%%\" icon_color=\"#0c71c3\" icon_placement=\"left\" content_max_width=\"100%\" module_class=\"ingro-producto__caracteristicas\" _builder_version=\"4.9.7\" _module_preset=\"default\" header_line_height=\"1.8em\" locked=\"off\"][\/et_pb_blurb][et_pb_blurb title=\"Sistema de secado con cuchillos de alta presi\u00f3n \/ resistencias el\u00e9ctricas.\" use_icon=\"on\" font_icon=\"%%59%%\" icon_color=\"#0c71c3\" icon_placement=\"left\" content_max_width=\"100%\" module_class=\"ingro-producto__caracteristicas\" _builder_version=\"4.9.7\" _module_preset=\"default\" header_line_height=\"1.8em\" locked=\"off\"][\/et_pb_blurb][et_pb_blurb title=\"Cuadro el\u00e9ctrico con pantalla t\u00e1ctil de control.\" use_icon=\"on\" font_icon=\"%%59%%\" icon_color=\"#0c71c3\" icon_placement=\"left\" content_max_width=\"100%\" module_class=\"ingro-producto__caracteristicas\" _builder_version=\"4.9.7\" _module_preset=\"default\" header_line_height=\"1.8em\" locked=\"off\"][\/et_pb_blurb][\/et_pb_column][\/et_pb_row][\/et_pb_section][et_pb_section fb_built=\"1\" _builder_version=\"4.9.7\" _module_preset=\"default\"][et_pb_row _builder_version=\"4.9.7\" _module_preset=\"default\"][et_pb_column type=\"4_4\" _builder_version=\"4.9.7\" _module_preset=\"default\"][et_pb_image src=\"https:\/\/www.ingromaquinaria.com\/wp-content\/uploads\/2021\/07\/LAVADORA-PIMIENTO-1.jpg\" title_text=\"LAVADORA PIMIENTO (1)\" _builder_version=\"4.9.7\" _module_preset=\"default\"][\/et_pb_image][et_pb_image src=\"https:\/\/www.ingromaquinaria.com\/wp-content\/uploads\/2021\/07\/LAVADORA-SECADORA-PIMIENTO-TOMATE-2.jpg\" title_text=\"LAVADORA SECADORA PIMIENTO-TOMATE-2\" _builder_version=\"4.9.7\" _module_preset=\"default\"][\/et_pb_image][\/et_pb_column][\/et_pb_row][\/et_pb_section]<\/p>","_et_gb_content_width":"","footnotes":""},"class_list":["post-339123","page","type-page","status-publish","hentry"],"_links":{"self":[{"href":"https:\/\/www.ingromaquinaria.com\/en\/wp-json\/wp\/v2\/pages\/339123","targetHints":{"allow":["GET"]}}],"collection":[{"href":"https:\/\/www.ingromaquinaria.com\/en\/wp-json\/wp\/v2\/pages"}],"about":[{"href":"https:\/\/www.ingromaquinaria.com\/en\/wp-json\/wp\/v2\/types\/page"}],"author":[{"embeddable":true,"href":"https:\/\/www.ingromaquinaria.com\/en\/wp-json\/wp\/v2\/users\/1"}],"replies":[{"embeddable":true,"href":"https:\/\/www.ingromaquinaria.com\/en\/wp-json\/wp\/v2\/comments?post=339123"}],"version-history":[{"count":7,"href":"https:\/\/www.ingromaquinaria.com\/en\/wp-json\/wp\/v2\/pages\/339123\/revisions"}],"predecessor-version":[{"id":339138,"href":"https:\/\/www.ingromaquinaria.com\/en\/wp-json\/wp\/v2\/pages\/339123\/revisions\/339138"}],"wp:attachment":[{"href":"https:\/\/www.ingromaquinaria.com\/en\/wp-json\/wp\/v2\/media?parent=339123"}],"curies":[{"name":"wp","href":"https:\/\/api.w.org\/{rel}","templated":true}]}}